{"id":2159,"date":"2025-01-24T15:34:56","date_gmt":"2025-01-24T14:34:56","guid":{"rendered":"https:\/\/staging.s-el.de\/?page_id=2159"},"modified":"2025-01-27T13:42:46","modified_gmt":"2025-01-27T12:42:46","slug":"impressum","status":"publish","type":"page","link":"https:\/\/staging.s-el.de\/?page_id=2159","title":{"rendered":"Impressum"},"content":{"rendered":"\t\t<div data-elementor-type=\"wp-page\" data-elementor-id=\"2159\" class=\"elementor elementor-2159\">\n\t\t\t\t<div class=\"elementor-element elementor-element-f4e342a e-flex e-con-boxed e-con e-parent\" data-id=\"f4e342a\" data-element_type=\"container\" data-e-type=\"container\">\n\t\t\t\t\t<div class=\"e-con-inner\">\n\t\t\t\t<div class=\"elementor-element elementor-element-990b218 elementor-widget elementor-widget-heading\" data-id=\"990b218\" data-element_type=\"widget\" data-e-type=\"widget\" data-widget_type=\"heading.default\">\n\t\t\t\t<div class=\"elementor-widget-container\">\n\t\t\t\t\t<h2 class=\"elementor-heading-title elementor-size-default\">Impressum<\/h2>\t\t\t\t<\/div>\n\t\t\t\t<\/div>\n\t\t\t\t<div class=\"elementor-element elementor-element-64b6593 elementor-widget elementor-widget-text-editor\" data-id=\"64b6593\" data-element_type=\"widget\" data-e-type=\"widget\" data-widget_type=\"text-editor.default\">\n\t\t\t\t<div class=\"elementor-widget-container\">\n\t\t\t\t\t\t\t\t\t<p>Seniorenheim ELIM Bonn e.V.<\/p><p>R\u00f6merstr. 41\u00a0<\/p><p>53111 Bonn<\/p><p>Tel.: <a href=\"mailto:mail@s-el.de\">0228 9845-0<\/a><\/p><p>Fax: 0228 9845-115<\/p><p>E-Mail: mail@s-el.de<\/p><p>Gesch\u00e4ftsf\u00fchrer: Adolf Bitter<\/p>\t\t\t\t\t\t\t\t<\/div>\n\t\t\t\t<\/div>\n\t\t\t\t<div class=\"elementor-element elementor-element-6bc6289 elementor-widget elementor-widget-heading\" data-id=\"6bc6289\" data-element_type=\"widget\" data-e-type=\"widget\" data-widget_type=\"heading.default\">\n\t\t\t\t<div class=\"elementor-widget-container\">\n\t\t\t\t\t<h2 class=\"elementor-heading-title elementor-size-default\">Herausgeber &amp; Verantwortlicher<\/h2>\t\t\t\t<\/div>\n\t\t\t\t<\/div>\n\t\t\t\t<div class=\"elementor-element elementor-element-8ca6e44 elementor-widget elementor-widget-text-editor\" data-id=\"8ca6e44\" data-element_type=\"widget\" data-e-type=\"widget\" data-widget_type=\"text-editor.default\">\n\t\t\t\t<div class=\"elementor-widget-container\">\n\t\t\t\t\t\t\t\t\t<p>Seniorenheim ELIM Bonn e.V.<\/p><p>R\u00f6merstr. 41\u00a0<\/p><p>53111 Bonn<\/p><p>Tel.: <a href=\"mailto:mail@s-el.de\">0228 9845-0<\/a><\/p><p>Fax: 0228 9845-115<\/p><p>E-Mail: mail@s-el.de<\/p><p>Gesch\u00e4ftsf\u00fchrer: Adolf Bitter<\/p>\t\t\t\t\t\t\t\t<\/div>\n\t\t\t\t<\/div>\n\t\t\t\t<div class=\"elementor-element elementor-element-fdafd22 elementor-widget elementor-widget-heading\" data-id=\"fdafd22\" data-element_type=\"widget\" data-e-type=\"widget\" data-widget_type=\"heading.default\">\n\t\t\t\t<div class=\"elementor-widget-container\">\n\t\t\t\t\t<h2 class=\"elementor-heading-title elementor-size-default\">Beauftragter nach Medizinproduktegesetz<\/h2>\t\t\t\t<\/div>\n\t\t\t\t<\/div>\n\t\t\t\t<div class=\"elementor-element elementor-element-0d5cb08 elementor-widget elementor-widget-text-editor\" data-id=\"0d5cb08\" data-element_type=\"widget\" data-e-type=\"widget\" data-widget_type=\"text-editor.default\">\n\t\t\t\t<div class=\"elementor-widget-container\">\n\t\t\t\t\t\t\t\t\t<p>Unser Beauftrager gem\u00e4\u00df dem Medizinproduktegesetz MPDG ist unter folgender E-Mail-Adresse zu erreichen: mpdg@s-el.de<\/p>\t\t\t\t\t\t\t\t<\/div>\n\t\t\t\t<\/div>\n\t\t\t\t<div class=\"elementor-element elementor-element-0e0519a elementor-widget elementor-widget-heading\" data-id=\"0e0519a\" data-element_type=\"widget\" data-e-type=\"widget\" data-widget_type=\"heading.default\">\n\t\t\t\t<div class=\"elementor-widget-container\">\n\t\t\t\t\t<h2 class=\"elementor-heading-title elementor-size-default\">Haftung f\u00fcr Inhalte<\/h2>\t\t\t\t<\/div>\n\t\t\t\t<\/div>\n\t\t\t\t<div class=\"elementor-element elementor-element-c46dbf3 elementor-widget elementor-widget-text-editor\" data-id=\"c46dbf3\" data-element_type=\"widget\" data-e-type=\"widget\" data-widget_type=\"text-editor.default\">\n\t\t\t\t<div class=\"elementor-widget-container\">\n\t\t\t\t\t\t\t\t\t<p>Der Seniorenheim ELIM Bonn e.V. ist f\u00fcr eigene Inhalte auf diesen Seiten nach den allgemeinen Gesetzen verantwortlich,\u00a0 jedoch nicht verpflichtet, \u00fcbermittelte oder gespeicherte fremde Informationen zu \u00fcberwachen oder nach Umst\u00e4nden zu forschen, die auf eine rechtswidrige T\u00e4tigkeit hinweisen. Verpflichtungen zur Entfernung oder Sperrung der Nutzung von Informationen nach den allgemeinen Gesetzen bleiben hiervon unber\u00fchrt.<br \/>Eine diesbez\u00fcgliche Haftung ist jedoch erst ab dem Zeitpunkt der Kenntnis einer konkreten Rechtsverletzung m\u00f6glich. Bei Bekanntwerden von entsprechenden Rechtsverletzungen werden wir diese Inhalte umgehend entfernen.<\/p>\t\t\t\t\t\t\t\t<\/div>\n\t\t\t\t<\/div>\n\t\t\t\t<div class=\"elementor-element elementor-element-56e3ec6 elementor-widget elementor-widget-heading\" data-id=\"56e3ec6\" data-element_type=\"widget\" data-e-type=\"widget\" data-widget_type=\"heading.default\">\n\t\t\t\t<div class=\"elementor-widget-container\">\n\t\t\t\t\t<h2 class=\"elementor-heading-title elementor-size-default\">Copyright, Urheberrecht<\/h2>\t\t\t\t<\/div>\n\t\t\t\t<\/div>\n\t\t\t\t<div class=\"elementor-element elementor-element-3fed905 elementor-widget elementor-widget-text-editor\" data-id=\"3fed905\" data-element_type=\"widget\" data-e-type=\"widget\" data-widget_type=\"text-editor.default\">\n\t\t\t\t<div class=\"elementor-widget-container\">\n\t\t\t\t\t\t\t\t\t<p>Alle Texte, Bilder, Videos und Grafiken sind urheberrechtlich gesch\u00fctzt f\u00fcr: Seniorenheim ELIM Bonn e.V.<\/p>\t\t\t\t\t\t\t\t<\/div>\n\t\t\t\t<\/div>\n\t\t\t\t<div class=\"elementor-element elementor-element-16139b8 elementor-widget elementor-widget-spacer\" data-id=\"16139b8\" data-element_type=\"widget\" data-e-type=\"widget\" data-widget_type=\"spacer.default\">\n\t\t\t\t<div class=\"elementor-widget-container\">\n\t\t\t\t\t\t\t<div class=\"elementor-spacer\">\n\t\t\t<div class=\"elementor-spacer-inner\"><\/div>\n\t\t<\/div>\n\t\t\t\t\t\t<\/div>\n\t\t\t\t<\/div>\n\t\t\t\t\t<\/div>\n\t\t\t\t<\/div>\n\t\t\t\t<\/div>\n\t\t","protected":false},"excerpt":{"rendered":"<p>Impressum Seniorenheim ELIM Bonn e.V. R\u00f6merstr. 41\u00a0 53111 Bonn Tel.: 0228 9845-0 Fax: 0228 9845-115 E-Mail: mail@s-el.de Gesch\u00e4ftsf\u00fchrer: Adolf Bitter Herausgeber &amp; Verantwortlicher Seniorenheim ELIM Bonn e.V. R\u00f6merstr. 41\u00a0 53111 Bonn Tel.: 0228 9845-0 Fax: 0228 9845-115 E-Mail: mail@s-el.de Gesch\u00e4ftsf\u00fchrer: Adolf Bitter Beauftragter nach Medizinproduktegesetz Unser Beauftrager gem\u00e4\u00df dem Medizinproduktegesetz MPDG ist unter folgender E-Mail-Adresse [&hellip;]<\/p>\n","protected":false},"author":1,"featured_media":0,"parent":0,"menu_order":0,"comment_status":"closed","ping_status":"closed","template":"","meta":{"_uag_custom_page_level_css":"","site-sidebar-layout":"no-sidebar","site-content-layout":"page-builder","ast-site-content-layout":"full-width-container","site-content-style":"default","site-sidebar-style":"default","ast-global-header-display":"","ast-banner-title-visibility":"","ast-main-header-display":"","ast-hfb-above-header-display":"","ast-hfb-below-header-display":"","ast-hfb-mobile-header-display":"","site-post-title":"disabled","ast-breadcrumbs-content":"","ast-featured-img":"disabled","footer-sml-layout":"","ast-disable-related-posts":"","theme-transparent-header-meta":"","adv-header-id-meta":"","stick-header-meta":"","header-above-stick-meta":"","header-main-stick-meta":"","header-below-stick-meta":"","astra-migrate-meta-layouts":"default","ast-page-background-enabled":"default","ast-page-background-meta":{"desktop":{"background-color":"var(--ast-global-color-4)","background-image":"","background-repeat":"repeat","background-position":"center center","background-size":"auto","background-attachment":"scroll","background-type":"","background-media":"","overlay-type":"","overlay-color":"","overlay-opacity":"","overlay-gradient":""},"tablet":{"background-color":"","background-image":"","background-repeat":"repeat","background-position":"center center","background-size":"auto","background-attachment":"scroll","background-type":"","background-media":"","overlay-type":"","overlay-color":"","overlay-opacity":"","overlay-gradient":""},"mobile":{"background-color":"","background-image":"","background-repeat":"repeat","background-position":"center center","background-size":"auto","background-attachment":"scroll","background-type":"","background-media":"","overlay-type":"","overlay-color":"","overlay-opacity":"","overlay-gradient":""}},"ast-content-background-meta":{"desktop":{"background-color":"var(--ast-global-color-5)","background-image":"","background-repeat":"repeat","background-position":"center center","background-size":"auto","background-attachment":"scroll","background-type":"","background-media":"","overlay-type":"","overlay-color":"","overlay-opacity":"","overlay-gradient":""},"tablet":{"background-color":"var(--ast-global-color-5)","background-image":"","background-repeat":"repeat","background-position":"center center","background-size":"auto","background-attachment":"scroll","background-type":"","background-media":"","overlay-type":"","overlay-color":"","overlay-opacity":"","overlay-gradient":""},"mobile":{"background-color":"var(--ast-global-color-5)","background-image":"","background-repeat":"repeat","background-position":"center center","background-size":"auto","background-attachment":"scroll","background-type":"","background-media":"","overlay-type":"","overlay-color":"","overlay-opacity":"","overlay-gradient":""}},"footnotes":""},"class_list":["post-2159","page","type-page","status-publish","hentry"],"uagb_featured_image_src":{"full":false,"thumbnail":false,"medium":false,"medium_large":false,"large":false,"1536x1536":false,"2048x2048":false},"uagb_author_info":{"display_name":"admin","author_link":"https:\/\/staging.s-el.de\/?author=1"},"uagb_comment_info":0,"uagb_excerpt":"Impressum Seniorenheim ELIM Bonn e.V. R\u00f6merstr. 41\u00a0 53111 Bonn Tel.: 0228 9845-0 Fax: 0228 9845-115 E-Mail: mail@s-el.de Gesch\u00e4ftsf\u00fchrer: Adolf Bitter Herausgeber &amp; Verantwortlicher Seniorenheim ELIM Bonn e.V. R\u00f6merstr. 41\u00a0 53111 Bonn Tel.: 0228 9845-0 Fax: 0228 9845-115 E-Mail: mail@s-el.de Gesch\u00e4ftsf\u00fchrer: Adolf Bitter Beauftragter nach Medizinproduktegesetz Unser Beauftrager gem\u00e4\u00df dem Medizinproduktegesetz MPDG ist unter folgender E-Mail-Adresse&hellip;","_links":{"self":[{"href":"https:\/\/staging.s-el.de\/index.php?rest_route=\/wp\/v2\/pages\/2159","targetHints":{"allow":["GET"]}}],"collection":[{"href":"https:\/\/staging.s-el.de\/index.php?rest_route=\/wp\/v2\/pages"}],"about":[{"href":"https:\/\/staging.s-el.de\/index.php?rest_route=\/wp\/v2\/types\/page"}],"author":[{"embeddable":true,"href":"https:\/\/staging.s-el.de\/index.php?rest_route=\/wp\/v2\/users\/1"}],"replies":[{"embeddable":true,"href":"https:\/\/staging.s-el.de\/index.php?rest_route=%2Fwp%2Fv2%2Fcomments&post=2159"}],"version-history":[{"count":18,"href":"https:\/\/staging.s-el.de\/index.php?rest_route=\/wp\/v2\/pages\/2159\/revisions"}],"predecessor-version":[{"id":2204,"href":"https:\/\/staging.s-el.de\/index.php?rest_route=\/wp\/v2\/pages\/2159\/revisions\/2204"}],"wp:attachment":[{"href":"https:\/\/staging.s-el.de\/index.php?rest_route=%2Fwp%2Fv2%2Fmedia&parent=2159"}],"curies":[{"name":"wp","href":"https:\/\/api.w.org\/{rel}","templated":true}]}}